{"id":10,"date":"2022-02-15T16:41:07","date_gmt":"2022-02-15T13:41:07","guid":{"rendered":"https:\/\/omeruz.com\/?page_id=10"},"modified":"2023-08-03T17:56:55","modified_gmt":"2023-08-03T14:56:55","slug":"ana-sayfa","status":"publish","type":"page","link":"https:\/\/omeruz.com\/eng\/","title":{"rendered":"Home"},"content":{"rendered":"<p>[vc_row full_width=&#8221;stretch_row_content_no_spaces&#8221; css=&#8221;.vc_custom_1655965267274{margin-bottom: 0px !important;border-bottom-width: 0px !important;padding-bottom: 0px !important;}&#8221;][vc_column][vc_single_image image=&#8221;454&#8243; img_size=&#8221;full&#8221; alignment=&#8221;center&#8221; css=&#8221;.vc_custom_1691064939270{margin-bottom: 0px !important;border-bottom-width: 0px !important;padding-bottom: 0px !important;}&#8221;][vc_separator color=&#8221;custom&#8221; border_width=&#8221;5&#8243; accent_color=&#8221;#ed3d30&#8243; css=&#8221;.vc_custom_1655965279151{margin-top: 0px !important;border-top-width: 0px !important;padding-top: 0px !important;}&#8221;][\/vc_column][\/vc_row][vc_row wrap_container=&#8221;yes&#8221; el_class=&#8221;p-b-none&#8221;][vc_column width=&#8221;2\/3&#8243; section_text_color=&#8221;light&#8221;][vc_column_text]<span style=\"font-size: 22px;\"><strong>Assoc. Prof. Dr. \u00d6mer UZ<br \/>\n<\/strong><\/span>Cardiology and Rhythm Disorders Specialist<\/p>\n<hr \/>\n<p><span style=\"font-size: 16px;\">He was born in 1978 in Ankara. He started his professional education at G\u00fclhane Military Medical Faculty in 1995. He completed his medical education in 2001 and received the title of medical doctor. He worked as a Flight Physician between 2002-2004. Afterwards, he passed the TUS exam and started his specialty training at G\u00fclhane Haydarpa\u015fa Training Hospital and became a Cardiology Specialist in 2007. He worked in the same hospital after his specialization training.<\/span><\/p>\n<p><span style=\"font-size: 16px;\">He completed his academic studies at G\u00fclhane Haydarpa\u015fa Training Hospital Cardiology Service between 2009-2013 and received the title of associate Professor. Between 2015-2016, he received training in the Netherlands within the scope of the Electrophysiology and Ablation Fellowship Program.<\/span><\/p>\n<p><span style=\"font-size: 16px;\">He is the author of international and national articles, poster reports and book chapters, and he has received trainings on \u201cpacemaker\u201d, \u201cablation techniques\u201d, \u201crhythm disorders\u201d, \u201cfainting\u201d, \u201cheart failure\u201d in Turkey and abroad. He is married and has 2 children, speaks English.<\/span>[\/vc_column_text][\/vc_column][vc_column width=&#8221;1\/3&#8243;][vc_single_image image=&#8221;190&#8243; img_size=&#8221;316&#215;420&#8243; alignment=&#8221;center&#8221;][\/vc_column][\/vc_row][vc_row el_class=&#8221;p-b-none&#8221;][vc_column section_text_color=&#8221;light&#8221;][vc_empty_space height=&#8221;20px&#8221;][vc_custom_heading text=&#8221;<strong>Specialties<\/strong>&#8221; font_container=&#8221;tag:h2|text_align:center&#8221; use_theme_fonts=&#8221;yes&#8221;]<div id=\"porto-portfolio-8082\" class=\"porto-portfolios porto-portfoliosmqbk wpb_content_element \">\n\t<div class=\"page-portfolios clearfix portfolios-grid\" id=\"porto_portfolios_s4af\">\n\n\t\n\t\n\t\t\t<div class=\"portfolios-container portfolio-row portfolio-row-4 classic\">\n\n\t\n\t\t<article class=\"portfolio portfolio-grid portfolio-col-4 specialties post-123 type-portfolio status-publish has-post-thumbnail hentry portfolio_cat-specialties\">\n\t\t<span class=\"entry-title\" style=\"display: none;\">3-Wire Pacemakers<\/span><span class=\"vcard\" style=\"display: none;\"><span class=\"fn\"><a href=\"https:\/\/omeruz.com\/eng\/author\/onur\/\" title=\"Posts by onur\" rel=\"author\">onur<\/a><\/span><\/span><span class=\"updated\" style=\"display:none\">2024-02-20T14:28:11+03:00<\/span>\t\t<div class=\"portfolio-item default\">\n\t\t\t\n\t\t\t<a class=\"text-decoration-none portfolio-link\" href=\"https:\/\/omeruz.com\/eng\/uzmanliklar\/3-wire-pacemakers-turkey\/\">\n\t\t\t\t<span class=\"thumb-info thumb-info-lighten thumb-info-no-zoom\">\n\t\t\t\t\t<span class=\"thumb-info-wrapper\">\n\t\t\t\t\t\t\t\t\t\t\t\t\t\t\t<img loading=\"lazy\" decoding=\"async\" class=\"img-responsive\" src=\"https:\/\/omeruz.com\/eng\/wp-content\/uploads\/2022\/02\/3-Kablolu-Kalp-Pilleri-1-400x300.jpg\" alt=\"3 Kablolu Kalp Pilleri\" width=\"400\" height=\"300\" \/>\n\t\t\t\t\t\t\t\t\t\n\t\t\t\t\t\t\n\t\t\t\t\t\t\n\t\t\t\t\t\t\t\t\t\t\t\t\t\t\t\t<span class=\"thumb-info-title\">\n\n\t\t\t\t\t\t\t\t\t\t<span class=\"thumb-info-inner\">3-Wire Pacemakers<\/span>\n\n\t\t\t\t\t\t\t\t\t\t\t\t\t\t\t\t\t\t\t\t\t<span class=\"thumb-info-type\">SPECIALTIES<\/span>\n\t\t\t\t\t\t\t\t\t\t\n\t\t\t\t\t\t\t\t\t<\/span>\n\t\t\t\t\t\t\t\t\t\t\t\t\t\t\t\t\t\t\t\t\t\t\t\t\t\t\t\t\t\t\t<\/span>\n\t\t\t\t<\/span>\n\t\t\t<\/a>\n\t\t\t\t\t\t\t\t<\/div>\n\t<\/article>\n\t\t<article class=\"portfolio portfolio-grid portfolio-col-4 specialties post-85 type-portfolio status-publish has-post-thumbnail hentry portfolio_cat-specialties\">\n\t\t<span class=\"entry-title\" style=\"display: none;\">3D Mapping &#038; Ablation<\/span><span class=\"vcard\" style=\"display: none;\"><span class=\"fn\"><a href=\"https:\/\/omeruz.com\/eng\/author\/onur\/\" title=\"Posts by onur\" rel=\"author\">onur<\/a><\/span><\/span><span class=\"updated\" style=\"display:none\">2023-09-18T10:46:31+03:00<\/span>\t\t<div class=\"portfolio-item default\">\n\t\t\t\n\t\t\t<a class=\"text-decoration-none portfolio-link\" href=\"https:\/\/omeruz.com\/eng\/uzmanliklar\/3d-mapping-and-ablation-turkey\/\">\n\t\t\t\t<span class=\"thumb-info thumb-info-lighten thumb-info-no-zoom\">\n\t\t\t\t\t<span class=\"thumb-info-wrapper\">\n\t\t\t\t\t\t\t\t\t\t\t\t\t\t\t<img loading=\"lazy\" decoding=\"async\" class=\"img-responsive\" src=\"https:\/\/omeruz.com\/eng\/wp-content\/uploads\/2022\/02\/3-Boyutlu-Ablasyon-2-400x300.jpg\" alt=\"3 Boyutlu Ablasyon\" width=\"400\" height=\"300\" \/>\n\t\t\t\t\t\t\t\t\t\n\t\t\t\t\t\t\n\t\t\t\t\t\t\n\t\t\t\t\t\t\t\t\t\t\t\t\t\t\t\t<span class=\"thumb-info-title\">\n\n\t\t\t\t\t\t\t\t\t\t<span class=\"thumb-info-inner\">3D Mapping &#038; Ablation<\/span>\n\n\t\t\t\t\t\t\t\t\t\t\t\t\t\t\t\t\t\t\t\t\t<span class=\"thumb-info-type\">SPECIALTIES<\/span>\n\t\t\t\t\t\t\t\t\t\t\n\t\t\t\t\t\t\t\t\t<\/span>\n\t\t\t\t\t\t\t\t\t\t\t\t\t\t\t\t\t\t\t\t\t\t\t\t\t\t\t\t\t\t\t<\/span>\n\t\t\t\t<\/span>\n\t\t\t<\/a>\n\t\t\t\t\t\t\t\t<\/div>\n\t<\/article>\n\t\t<article class=\"portfolio portfolio-grid portfolio-col-4 specialties post-108 type-portfolio status-publish has-post-thumbnail hentry portfolio_cat-specialties\">\n\t\t<span class=\"entry-title\" style=\"display: none;\">Atrial Fibrillation Ablation<\/span><span class=\"vcard\" style=\"display: none;\"><span class=\"fn\"><a href=\"https:\/\/omeruz.com\/eng\/author\/onur\/\" title=\"Posts by onur\" rel=\"author\">onur<\/a><\/span><\/span><span class=\"updated\" style=\"display:none\">2023-09-18T10:49:46+03:00<\/span>\t\t<div class=\"portfolio-item default\">\n\t\t\t\n\t\t\t<a class=\"text-decoration-none portfolio-link\" href=\"https:\/\/omeruz.com\/eng\/uzmanliklar\/atrial-fibrillation-ablation-turkey\/\">\n\t\t\t\t<span class=\"thumb-info thumb-info-lighten thumb-info-no-zoom\">\n\t\t\t\t\t<span class=\"thumb-info-wrapper\">\n\t\t\t\t\t\t\t\t\t\t\t\t\t\t\t<img loading=\"lazy\" decoding=\"async\" class=\"img-responsive\" src=\"https:\/\/omeruz.com\/eng\/wp-content\/uploads\/2022\/02\/Atriyal-Fibrilasyon-Ablasyonu-2-400x300.jpg\" alt=\"Atriyal Fibrilasyon Ablasyonu\" width=\"400\" height=\"300\" \/>\n\t\t\t\t\t\t\t\t\t\n\t\t\t\t\t\t\n\t\t\t\t\t\t\n\t\t\t\t\t\t\t\t\t\t\t\t\t\t\t\t<span class=\"thumb-info-title\">\n\n\t\t\t\t\t\t\t\t\t\t<span class=\"thumb-info-inner\">Atrial Fibrillation Ablation<\/span>\n\n\t\t\t\t\t\t\t\t\t\t\t\t\t\t\t\t\t\t\t\t\t<span class=\"thumb-info-type\">SPECIALTIES<\/span>\n\t\t\t\t\t\t\t\t\t\t\n\t\t\t\t\t\t\t\t\t<\/span>\n\t\t\t\t\t\t\t\t\t\t\t\t\t\t\t\t\t\t\t\t\t\t\t\t\t\t\t\t\t\t\t<\/span>\n\t\t\t\t<\/span>\n\t\t\t<\/a>\n\t\t\t\t\t\t\t\t<\/div>\n\t<\/article>\n\t\t<article class=\"portfolio portfolio-grid portfolio-col-4 specialties post-106 type-portfolio status-publish has-post-thumbnail hentry portfolio_cat-specialties\">\n\t\t<span class=\"entry-title\" style=\"display: none;\">Cold Ablation (Cryoablation)<\/span><span class=\"vcard\" style=\"display: none;\"><span class=\"fn\"><a href=\"https:\/\/omeruz.com\/eng\/author\/onur\/\" title=\"Posts by onur\" rel=\"author\">onur<\/a><\/span><\/span><span class=\"updated\" style=\"display:none\">2024-02-20T14:30:24+03:00<\/span>\t\t<div class=\"portfolio-item default\">\n\t\t\t\n\t\t\t<a class=\"text-decoration-none portfolio-link\" href=\"https:\/\/omeruz.com\/eng\/uzmanliklar\/cryoablation-turkey\/\">\n\t\t\t\t<span class=\"thumb-info thumb-info-lighten thumb-info-no-zoom\">\n\t\t\t\t\t<span class=\"thumb-info-wrapper\">\n\t\t\t\t\t\t\t\t\t\t\t\t\t\t\t<img loading=\"lazy\" decoding=\"async\" class=\"img-responsive\" src=\"https:\/\/omeruz.com\/eng\/wp-content\/uploads\/2022\/02\/Soguk-Ablasyon-2-400x300.jpg\" alt=\"So\u011fuk Ablasyon\" width=\"400\" height=\"300\" \/>\n\t\t\t\t\t\t\t\t\t\n\t\t\t\t\t\t\n\t\t\t\t\t\t\n\t\t\t\t\t\t\t\t\t\t\t\t\t\t\t\t<span class=\"thumb-info-title\">\n\n\t\t\t\t\t\t\t\t\t\t<span class=\"thumb-info-inner\">Cold Ablation (Cryoablation)<\/span>\n\n\t\t\t\t\t\t\t\t\t\t\t\t\t\t\t\t\t\t\t\t\t<span class=\"thumb-info-type\">SPECIALTIES<\/span>\n\t\t\t\t\t\t\t\t\t\t\n\t\t\t\t\t\t\t\t\t<\/span>\n\t\t\t\t\t\t\t\t\t\t\t\t\t\t\t\t\t\t\t\t\t\t\t\t\t\t\t\t\t\t\t<\/span>\n\t\t\t\t<\/span>\n\t\t\t<\/a>\n\t\t\t\t\t\t\t\t<\/div>\n\t<\/article>\n\t\t<article class=\"portfolio portfolio-grid portfolio-col-4 specialties post-102 type-portfolio status-publish has-post-thumbnail hentry portfolio_cat-specialties\">\n\t\t<span class=\"entry-title\" style=\"display: none;\">Heart Ablation Treatment<\/span><span class=\"vcard\" style=\"display: none;\"><span class=\"fn\"><a href=\"https:\/\/omeruz.com\/eng\/author\/onur\/\" title=\"Posts by onur\" rel=\"author\">onur<\/a><\/span><\/span><span class=\"updated\" style=\"display:none\">2023-09-18T10:54:51+03:00<\/span>\t\t<div class=\"portfolio-item default\">\n\t\t\t\n\t\t\t<a class=\"text-decoration-none portfolio-link\" href=\"https:\/\/omeruz.com\/eng\/uzmanliklar\/heart-ablation-treatment-turkey\/\">\n\t\t\t\t<span class=\"thumb-info thumb-info-lighten thumb-info-no-zoom\">\n\t\t\t\t\t<span class=\"thumb-info-wrapper\">\n\t\t\t\t\t\t\t\t\t\t\t\t\t\t\t<img loading=\"lazy\" decoding=\"async\" class=\"img-responsive\" src=\"https:\/\/omeruz.com\/eng\/wp-content\/uploads\/2022\/02\/Ablasyon-Nedir_-1-400x300.webp\" alt=\"Ablasyon\" width=\"400\" height=\"300\" \/>\n\t\t\t\t\t\t\t\t\t\n\t\t\t\t\t\t\n\t\t\t\t\t\t\n\t\t\t\t\t\t\t\t\t\t\t\t\t\t\t\t<span class=\"thumb-info-title\">\n\n\t\t\t\t\t\t\t\t\t\t<span class=\"thumb-info-inner\">Heart Ablation Treatment<\/span>\n\n\t\t\t\t\t\t\t\t\t\t\t\t\t\t\t\t\t\t\t\t\t<span class=\"thumb-info-type\">SPECIALTIES<\/span>\n\t\t\t\t\t\t\t\t\t\t\n\t\t\t\t\t\t\t\t\t<\/span>\n\t\t\t\t\t\t\t\t\t\t\t\t\t\t\t\t\t\t\t\t\t\t\t\t\t\t\t\t\t\t\t<\/span>\n\t\t\t\t<\/span>\n\t\t\t<\/a>\n\t\t\t\t\t\t\t\t<\/div>\n\t<\/article>\n\t\t<article class=\"portfolio portfolio-grid portfolio-col-4 specialties post-89 type-portfolio status-publish has-post-thumbnail hentry portfolio_cat-specialties\">\n\t\t<span class=\"entry-title\" style=\"display: none;\">Electrophysiological Study (EPS)<\/span><span class=\"vcard\" style=\"display: none;\"><span class=\"fn\"><a href=\"https:\/\/omeruz.com\/eng\/author\/onur\/\" title=\"Posts by onur\" rel=\"author\">onur<\/a><\/span><\/span><span class=\"updated\" style=\"display:none\">2023-09-18T11:00:52+03:00<\/span>\t\t<div class=\"portfolio-item default\">\n\t\t\t\n\t\t\t<a class=\"text-decoration-none portfolio-link\" href=\"https:\/\/omeruz.com\/eng\/uzmanliklar\/electrophysiological-study-turkey\/\">\n\t\t\t\t<span class=\"thumb-info thumb-info-lighten thumb-info-no-zoom\">\n\t\t\t\t\t<span class=\"thumb-info-wrapper\">\n\t\t\t\t\t\t\t\t\t\t\t\t\t\t\t<img loading=\"lazy\" decoding=\"async\" class=\"img-responsive\" src=\"https:\/\/omeruz.com\/eng\/wp-content\/uploads\/2022\/02\/Elektrofizyolojik-Calisma-2-1-400x300.webp\" alt=\"Elektrofizyolojik \u00c7al\u0131\u015fma\" width=\"400\" height=\"300\" \/>\n\t\t\t\t\t\t\t\t\t\n\t\t\t\t\t\t\n\t\t\t\t\t\t\n\t\t\t\t\t\t\t\t\t\t\t\t\t\t\t\t<span class=\"thumb-info-title\">\n\n\t\t\t\t\t\t\t\t\t\t<span class=\"thumb-info-inner\">Electrophysiological Study (EPS)<\/span>\n\n\t\t\t\t\t\t\t\t\t\t\t\t\t\t\t\t\t\t\t\t\t<span class=\"thumb-info-type\">SPECIALTIES<\/span>\n\t\t\t\t\t\t\t\t\t\t\n\t\t\t\t\t\t\t\t\t<\/span>\n\t\t\t\t\t\t\t\t\t\t\t\t\t\t\t\t\t\t\t\t\t\t\t\t\t\t\t\t\t\t\t<\/span>\n\t\t\t\t<\/span>\n\t\t\t<\/a>\n\t\t\t\t\t\t\t\t<\/div>\n\t<\/article>\n\t\t<article class=\"portfolio portfolio-grid portfolio-col-4 specialties post-87 type-portfolio status-publish has-post-thumbnail hentry portfolio_cat-specialties\">\n\t\t<span class=\"entry-title\" style=\"display: none;\">Epicardial Ablation<\/span><span class=\"vcard\" style=\"display: none;\"><span class=\"fn\"><a href=\"https:\/\/omeruz.com\/eng\/author\/onur\/\" title=\"Posts by onur\" rel=\"author\">onur<\/a><\/span><\/span><span class=\"updated\" style=\"display:none\">2024-02-20T14:31:28+03:00<\/span>\t\t<div class=\"portfolio-item default\">\n\t\t\t\n\t\t\t<a class=\"text-decoration-none portfolio-link\" href=\"https:\/\/omeruz.com\/eng\/uzmanliklar\/epicardial-ablation-turkey\/\">\n\t\t\t\t<span class=\"thumb-info thumb-info-lighten thumb-info-no-zoom\">\n\t\t\t\t\t<span class=\"thumb-info-wrapper\">\n\t\t\t\t\t\t\t\t\t\t\t\t\t\t\t<img loading=\"lazy\" decoding=\"async\" class=\"img-responsive\" src=\"https:\/\/omeruz.com\/eng\/wp-content\/uploads\/2022\/02\/Epikardiyal-Ablasyon-1-400x300.webp\" alt=\"Epikardiyal-Ablasyon\" width=\"400\" height=\"300\" \/>\n\t\t\t\t\t\t\t\t\t\n\t\t\t\t\t\t\n\t\t\t\t\t\t\n\t\t\t\t\t\t\t\t\t\t\t\t\t\t\t\t<span class=\"thumb-info-title\">\n\n\t\t\t\t\t\t\t\t\t\t<span class=\"thumb-info-inner\">Epicardial Ablation<\/span>\n\n\t\t\t\t\t\t\t\t\t\t\t\t\t\t\t\t\t\t\t\t\t<span class=\"thumb-info-type\">SPECIALTIES<\/span>\n\t\t\t\t\t\t\t\t\t\t\n\t\t\t\t\t\t\t\t\t<\/span>\n\t\t\t\t\t\t\t\t\t\t\t\t\t\t\t\t\t\t\t\t\t\t\t\t\t\t\t\t\t\t\t<\/span>\n\t\t\t\t<\/span>\n\t\t\t<\/a>\n\t\t\t\t\t\t\t\t<\/div>\n\t<\/article>\n\t\t<article class=\"portfolio portfolio-grid portfolio-col-4 specialties post-116 type-portfolio status-publish has-post-thumbnail hentry portfolio_cat-specialties\">\n\t\t<span class=\"entry-title\" style=\"display: none;\">Heart Pacemaker<\/span><span class=\"vcard\" style=\"display: none;\"><span class=\"fn\"><a href=\"https:\/\/omeruz.com\/eng\/author\/onur\/\" title=\"Posts by onur\" rel=\"author\">onur<\/a><\/span><\/span><span class=\"updated\" style=\"display:none\">2024-02-20T14:31:39+03:00<\/span>\t\t<div class=\"portfolio-item default\">\n\t\t\t\n\t\t\t<a class=\"text-decoration-none portfolio-link\" href=\"https:\/\/omeruz.com\/eng\/uzmanliklar\/heart-pacemaker-turkey\/\">\n\t\t\t\t<span class=\"thumb-info thumb-info-lighten thumb-info-no-zoom\">\n\t\t\t\t\t<span class=\"thumb-info-wrapper\">\n\t\t\t\t\t\t\t\t\t\t\t\t\t\t\t<img loading=\"lazy\" decoding=\"async\" class=\"img-responsive\" src=\"https:\/\/omeruz.com\/eng\/wp-content\/uploads\/2022\/02\/Kalp-Pilleri-Nedir_-1-400x300.jpg\" alt=\"Kalp Pilleri Nedir\" width=\"400\" height=\"300\" \/>\n\t\t\t\t\t\t\t\t\t\n\t\t\t\t\t\t\n\t\t\t\t\t\t\n\t\t\t\t\t\t\t\t\t\t\t\t\t\t\t\t<span class=\"thumb-info-title\">\n\n\t\t\t\t\t\t\t\t\t\t<span class=\"thumb-info-inner\">Heart Pacemaker<\/span>\n\n\t\t\t\t\t\t\t\t\t\t\t\t\t\t\t\t\t\t\t\t\t<span class=\"thumb-info-type\">SPECIALTIES<\/span>\n\t\t\t\t\t\t\t\t\t\t\n\t\t\t\t\t\t\t\t\t<\/span>\n\t\t\t\t\t\t\t\t\t\t\t\t\t\t\t\t\t\t\t\t\t\t\t\t\t\t\t\t\t\t\t<\/span>\n\t\t\t\t<\/span>\n\t\t\t<\/a>\n\t\t\t\t\t\t\t\t<\/div>\n\t<\/article>\n\t\n\t\n\t\n\t\t<\/div>\n\n\t\n\t\n\t<\/div>\n\n\t\n\t\n\t<\/div>[\/vc_column][\/vc_row][vc_row wrap_container=&#8221;yes&#8221; bg_type=&#8221;bg_color&#8221; bg_color_value=&#8221;#37b1e3&#8243; css=&#8221;.vc_custom_1644933638726{background-color: #ed3d30 !important;}&#8221;][vc_column css_animation=&#8221;fadeInDown&#8221;][vc_empty_space height=&#8221;20px&#8221;][vc_custom_heading text=&#8221;<strong>Testimonials<\/strong>&#8221; font_container=&#8221;tag:h2|text_align:center|color:%23ffffff&#8221; use_theme_fonts=&#8221;yes&#8221; link=&#8221;url:https%3A%2F%2Fomeruz.com%2Feng%2Ftestimonials%2F|title:Testimonials&#8221;]<div class=\"porto-carousel owl-carousel has-ccols has-ccols-spacing ccols-1 wpb_custom_70a89e142ccf56dcd4c7bfc4b40db368\" data-plugin-options=\"{&quot;stagePadding&quot;:0,&quot;margin&quot;:10,&quot;autoplay&quot;:&quot;yes&quot;,&quot;mouseDrag&quot;:true,&quot;touchDrag&quot;:true,&quot;autoplayTimeout&quot;:5000,&quot;autoplayHoverPause&quot;:&quot;true&quot;,&quot;items&quot;:1,&quot;lg&quot;:1,&quot;md&quot;:1,&quot;sm&quot;:1,&quot;xs&quot;:1,&quot;nav&quot;:false,&quot;dots&quot;:&quot;yes&quot;,&quot;animateIn&quot;:&quot;&quot;,&quot;animateOut&quot;:&quot;&quot;,&quot;loop&quot;:&quot;yes&quot;,&quot;center&quot;:false,&quot;video&quot;:false,&quot;lazyLoad&quot;:false,&quot;fullscreen&quot;:false}\"><div class=\"porto-testimonial wpb_content_element \"><div class=\"testimonial testimonial-style-6 testimonial-with-quotes testimonial-light\"><blockquote><p>\u00d6mer Uz is an excellent doctor. He&#8217;s a better person than just a doctor. He answers my phone 24 hours. I send a message and he replies to my message. When a patient sees the doctor&#8217;s face, they need to trust the doctor. When I look at Omer&#8217;s face, I get this confidence. I&#8217;m a retired general. The chief physician of the hospital directed me to \u00d6mer. Thanks to \u00d6mer doctor, I am fine. A part of my heart was not working. He treated it for 2 years and now the non-working part of my heart is working. He is truly a person worthy of all kinds of praise and trust.<\/p><\/blockquote><div class=\"testimonial-author\"><p><strong>n...<\/strong><span><\/span><\/p><\/div><\/div><\/div><div class=\"porto-testimonial wpb_content_element \"><div class=\"testimonial testimonial-style-6 testimonial-with-quotes testimonial-light\"><blockquote><p>I am very satisfied with my doctor. like my son. He&#8217;s such an amazing person. You are very satisfied with your treatment. I had a rhythm disorder for a long time. I notice that he treats all patients with the same sensitivity as he takes care of me. He did the vein freezing procedure for me. However, the procedure was terminated because my veins were not suitable. I received medicine from abroad by Mr. \u00d6mer and the Ministry of Health. I am currently living on this drug. May Allah be pleased with our state and Mr. \u00d6mer. I&#8217;m comfortable right now.<\/p><\/blockquote><div class=\"testimonial-author\"><p><strong>h...<\/strong><span><\/span><\/p><\/div><\/div><\/div><div class=\"porto-testimonial wpb_content_element \"><div class=\"testimonial testimonial-style-6 testimonial-with-quotes testimonial-light\"><blockquote><p>He has earned our respect for life with his humanity and medicine. It is a rare delicacy that he is competent, smiling, and most importantly, available 24\/7\u2026 Even if our dear teacher is out of work, even if he is out of work, he can give guidance or take care of his mistake even from a distance with the coordination he provides, it is heartening, I wish all our teachers were from their egos like \u00d6mer Bey. if it could be purified\u2026. I am glad that you do not know, have many healthy days, my doctor \u00d6mer\ud83d\ude4f<\/p><\/blockquote><div class=\"testimonial-author\"><p><strong>k...b...<\/strong><span><\/span><\/p><\/div><\/div><\/div><\/div>[\/vc_column][\/vc_row][vc_row wrap_container=&#8221;yes&#8221; bg_type=&#8221;bg_color&#8221; bg_color_value=&#8221;#f4f4f4&#8243; css=&#8221;.vc_custom_1624694246402{background-color: #f4f4f4 !important;}&#8221;][vc_column][vc_empty_space height=&#8221;20px&#8221;]\n<div class=\"wpcf7 no-js\" id=\"wpcf7-f409-o1\" lang=\"en-US\" dir=\"ltr\" data-wpcf7-id=\"409\">\n<div class=\"screen-reader-response\"><p role=\"status\" aria-live=\"polite\" aria-atomic=\"true\"><\/p> <ul><\/ul><\/div>\n<form action=\"\/eng\/wp-json\/wp\/v2\/pages\/10#wpcf7-f409-o1\" method=\"post\" class=\"wpcf7-form init\" aria-label=\"Contact form\" novalidate=\"novalidate\" data-status=\"init\">\n<fieldset class=\"hidden-fields-container\"><input type=\"hidden\" name=\"_wpcf7\" value=\"409\" \/><input type=\"hidden\" name=\"_wpcf7_version\" value=\"6.1.2\" \/><input type=\"hidden\" name=\"_wpcf7_locale\" value=\"en_US\" \/><input type=\"hidden\" name=\"_wpcf7_unit_tag\" value=\"wpcf7-f409-o1\" \/><input type=\"hidden\" name=\"_wpcf7_container_post\" value=\"0\" \/><input type=\"hidden\" name=\"_wpcf7_posted_data_hash\" value=\"\" \/>\n<\/fieldset>\n<h2 class=\"short\"><strong>Contact Form<\/strong>\n<\/h2>\n<div class=\"row\">\n\t<div class=\"col-md-6\">\n\t\t<div class=\"form-group\">\n\t\t\t<p><label for=\"contact-name\">Name & Surname *<\/label><br \/>\n<span class=\"wpcf7-form-control-wrap\" data-name=\"your-name\"><input size=\"40\" maxlength=\"400\" class=\"wpcf7-form-control wpcf7-text wpcf7-validates-as-required form-control\" id=\"contact-name\" aria-required=\"true\" aria-invalid=\"false\" value=\"\" type=\"text\" name=\"your-name\" \/><\/span>\n\t\t\t<\/p>\n\t\t<\/div>\n\t<\/div>\n\t<div class=\"col-md-6\">\n\t\t<div class=\"form-group\">\n\t\t\t<p><label for=\"contact-email\">E-mail *<\/label><br \/>\n<span class=\"wpcf7-form-control-wrap\" data-name=\"your-email\"><input size=\"40\" maxlength=\"400\" class=\"wpcf7-form-control wpcf7-email wpcf7-validates-as-required wpcf7-text wpcf7-validates-as-email form-control\" id=\"contact-email\" aria-required=\"true\" aria-invalid=\"false\" value=\"\" type=\"email\" name=\"your-email\" \/><\/span>\n\t\t\t<\/p>\n\t\t<\/div>\n\t<\/div>\n\t<div class=\"col-md-6\">\n\t\t<div class=\"form-group\">\n\t\t\t<p><label for=\"contact-subject\">Phone*<\/label><br \/>\n<span class=\"wpcf7-form-control-wrap\" data-name=\"tel-588\"><input size=\"40\" maxlength=\"400\" class=\"wpcf7-form-control wpcf7-tel wpcf7-validates-as-required wpcf7-text wpcf7-validates-as-tel form-control\" id=\"contact-subject\" aria-required=\"true\" aria-invalid=\"false\" value=\"\" type=\"tel\" name=\"tel-588\" \/><\/span>\n\t\t\t<\/p>\n\t\t<\/div>\n\t<\/div>\n\t<div class=\"col-md-6\">\n\t\t<div class=\"form-group\">\n\t\t\t<p><label for=\"contact-subject\">Subject<\/label><br \/>\n<span class=\"wpcf7-form-control-wrap\" data-name=\"your-subject\"><input size=\"40\" maxlength=\"400\" class=\"wpcf7-form-control wpcf7-text wpcf7-validates-as-required form-control\" aria-required=\"true\" aria-invalid=\"false\" value=\"\" type=\"text\" name=\"your-subject\" \/><\/span>\n\t\t\t<\/p>\n\t\t<\/div>\n\t<\/div>\n\t<div class=\"col-md-12\">\n\t\t<div class=\"form-group\">\n\t\t\t<p><label for=\"contact-message\">Message<\/label><br \/>\n<span class=\"wpcf7-form-control-wrap\" data-name=\"your-message\"><textarea cols=\"40\" rows=\"10\" maxlength=\"2000\" class=\"wpcf7-form-control wpcf7-textarea wpcf7-validates-as-required form-control\" id=\"contact-message\" aria-required=\"true\" aria-invalid=\"false\" name=\"your-message\"><\/textarea><\/span>\n\t\t\t<\/p>\n\t\t<\/div>\n\t<\/div>\n\t<div class=\"col-md-6\">\n\t\t<div class=\"form-group\">\n\t\t\t<p><span class=\"wpcf7-form-control-wrap\" data-name=\"GvenlikSorusu\"><label><span class=\"wpcf7-quiz-label\">1x3=<\/span> <input size=\"40\" class=\"wpcf7-form-control wpcf7-quiz\" autocomplete=\"off\" aria-required=\"true\" aria-invalid=\"false\" type=\"text\" name=\"GvenlikSorusu\" \/><\/label><input type=\"hidden\" name=\"_wpcf7_quiz_answer_GvenlikSorusu\" value=\"387d75dfd45d85e7557456de11a79f39\" \/><\/span><br \/>\n<input class=\"wpcf7-form-control wpcf7-submit has-spinner btn btn-primary btn-lg\" type=\"submit\" value=\"Submit\" \/>\n\t\t\t<\/p>\n\t\t<\/div>\n\t<\/div>\n<\/div><p style=\"display: none !important;\" class=\"akismet-fields-container\" data-prefix=\"_wpcf7_ak_\"><label>&#916;<textarea name=\"_wpcf7_ak_hp_textarea\" cols=\"45\" rows=\"8\" maxlength=\"100\"><\/textarea><\/label><input type=\"hidden\" id=\"ak_js_1\" name=\"_wpcf7_ak_js\" value=\"212\"\/><script>document.getElementById( \"ak_js_1\" ).setAttribute( \"value\", ( new Date() ).getTime() );<\/script><\/p><div class=\"wpcf7-response-output\" aria-hidden=\"true\"><\/div>\n<\/form>\n<\/div>\n[vc_empty_space height=&#8221;20px&#8221;][\/vc_column][\/vc_row]<\/p>\n","protected":false},"excerpt":{"rendered":"<p>[vc_row full_width=&#8221;stretch_row_content_no_spaces&#8221; css=&#8221;.vc_custom_1655965267274{margin-bottom: 0px !important;border-bottom-width: 0px !important;padding-bottom: 0px !important;}&#8221;][vc_column][vc_single_image image=&#8221;454&#8243; img_size=&#8221;full&#8221; alignment=&#8221;center&#8221; css=&#8221;.vc_custom_1691064939270{margin-bottom: 0px !important;border-bottom-width: 0px !important;padding-bottom: 0px !important;}&#8221;][vc_separator color=&#8221;custom&#8221; border_width=&#8221;5&#8243; accent_color=&#8221;#ed3d30&#8243; css=&#8221;.vc_custom_1655965279151{margin-top: 0px !important;border-top-width: 0px !important;padding-top: 0px !important;}&#8221;][\/vc_column][\/vc_row][vc_row wrap_container=&#8221;yes&#8221; el_class=&#8221;p-b-none&#8221;][vc_column width=&#8221;2\/3&#8243; section_text_color=&#8221;light&#8221;][vc_column_text]Assoc. Prof. Dr. \u00d6mer UZ Cardiology and Rhythm Disorders Specialist He was born in 1978 in Ankara. He started his professional education at [&hellip;]<\/p>\n","protected":false},"author":1,"featured_media":0,"parent":0,"menu_order":0,"comment_status":"closed","ping_status":"closed","template":"","meta":{"_monsterinsights_skip_tracking":false,"_monsterinsights_sitenote_active":false,"_monsterinsights_sitenote_note":"","_monsterinsights_sitenote_category":0,"_joinchat":[],"footnotes":""},"class_list":["post-10","page","type-page","status-publish","hentry"],"aioseo_notices":[],"_links":{"self":[{"href":"https:\/\/omeruz.com\/eng\/wp-json\/wp\/v2\/pages\/10","targetHints":{"allow":["GET"]}}],"collection":[{"href":"https:\/\/omeruz.com\/eng\/wp-json\/wp\/v2\/pages"}],"about":[{"href":"https:\/\/omeruz.com\/eng\/wp-json\/wp\/v2\/types\/page"}],"author":[{"embeddable":true,"href":"https:\/\/omeruz.com\/eng\/wp-json\/wp\/v2\/users\/1"}],"replies":[{"embeddable":true,"href":"https:\/\/omeruz.com\/eng\/wp-json\/wp\/v2\/comments?post=10"}],"version-history":[{"count":0,"href":"https:\/\/omeruz.com\/eng\/wp-json\/wp\/v2\/pages\/10\/revisions"}],"wp:attachment":[{"href":"https:\/\/omeruz.com\/eng\/wp-json\/wp\/v2\/media?parent=10"}],"curies":[{"name":"wp","href":"https:\/\/api.w.org\/{rel}","templated":true}]}}